{"id":19,"date":"2010-08-28T15:57:39","date_gmt":"2010-08-28T13:57:39","guid":{"rendered":"http:\/\/www.sergejamois.com\/?page_id=19"},"modified":"2020-10-11T19:22:23","modified_gmt":"2020-10-11T17:22:23","slug":"illustrations","status":"publish","type":"page","link":"http:\/\/www.sergejamois.com\/?page_id=19","title":{"rendered":"Illustrations"},"content":{"rendered":"<p>Carri\u00e8re dans l&#8217;illustration, la publicit\u00e9 et l&#8217;\u00e9dition avant de se consacrer \u00e0 la peinture.<\/p>\n<p><a href=\"http:\/\/www.sergejamois.com\/wp-content\/uploads\/2015\/12\/DSC02736light.jpg\"><img loading=\"lazy\" class=\"alignright size-large wp-image-471\" src=\"http:\/\/www.sergejamois.com\/wp-content\/uploads\/2015\/12\/DSC02736light-1024x694.jpg\" alt=\"SONY DSC\" width=\"640\" height=\"433\" srcset=\"http:\/\/www.sergejamois.com\/wp-content\/uploads\/2015\/12\/DSC02736light-1024x694.jpg 1024w, http:\/\/www.sergejamois.com\/wp-content\/uploads\/2015\/12\/DSC02736light-300x203.jpg 300w, http:\/\/www.sergejamois.com\/wp-content\/uploads\/2015\/12\/DSC02736light.jpg 2000w\" sizes=\"(max-width: 640px) 100vw, 640px\" \/><\/a><\/p>\n<p><a href=\"http:\/\/www.sergejamois.com\/wp-content\/uploads\/2015\/12\/DSC02738_light.jpg\"><img loading=\"lazy\" class=\"alignright size-large wp-image-472\" src=\"http:\/\/www.sergejamois.com\/wp-content\/uploads\/2015\/12\/DSC02738_light-1024x757.jpg\" alt=\"SONY DSC\" width=\"640\" height=\"473\" srcset=\"http:\/\/www.sergejamois.com\/wp-content\/uploads\/2015\/12\/DSC02738_light-1024x757.jpg 1024w, http:\/\/www.sergejamois.com\/wp-content\/uploads\/2015\/12\/DSC02738_light-300x222.jpg 300w, http:\/\/www.sergejamois.com\/wp-content\/uploads\/2015\/12\/DSC02738_light.jpg 2000w\" sizes=\"(max-width: 640px) 100vw, 640px\" \/><\/a><\/p>\n<p><a href=\"http:\/\/www.sergejamois.com\/wp-content\/uploads\/2015\/12\/DSC02744_light.jpg\"><img loading=\"lazy\" class=\"alignright size-large wp-image-473\" src=\"http:\/\/www.sergejamois.com\/wp-content\/uploads\/2015\/12\/DSC02744_light-1024x685.jpg\" alt=\"SONY DSC\" width=\"640\" height=\"428\" srcset=\"http:\/\/www.sergejamois.com\/wp-content\/uploads\/2015\/12\/DSC02744_light-1024x685.jpg 1024w, http:\/\/www.sergejamois.com\/wp-content\/uploads\/2015\/12\/DSC02744_light-300x200.jpg 300w, http:\/\/www.sergejamois.com\/wp-content\/uploads\/2015\/12\/DSC02744_light.jpg 2000w\" sizes=\"(max-width: 640px) 100vw, 640px\" \/><\/a><\/p>\n<div id=\"attachment_480\" style=\"width: 1010px\" class=\"wp-caption alignleft\"><a href=\"http:\/\/www.sergejamois.com\/wp-content\/uploads\/2010\/08\/DSC02895.jpg\"><img aria-describedby=\"caption-attachment-480\" loading=\"lazy\" class=\"wp-image-480 size-full\" src=\"http:\/\/www.sergejamois.com\/wp-content\/uploads\/2010\/08\/DSC02895.jpg\" alt=\"DSC02895\" width=\"1000\" height=\"719\" srcset=\"http:\/\/www.sergejamois.com\/wp-content\/uploads\/2010\/08\/DSC02895.jpg 1000w, http:\/\/www.sergejamois.com\/wp-content\/uploads\/2010\/08\/DSC02895-300x215.jpg 300w\" sizes=\"(max-width: 1000px) 100vw, 1000px\" \/><\/a><p id=\"caption-attachment-480\" class=\"wp-caption-text\">Sans titre &#8211; 65X50 Huile sur carton<\/p><\/div>\n<div id=\"attachment_479\" style=\"width: 650px\" class=\"wp-caption alignleft\"><a href=\"http:\/\/www.sergejamois.com\/wp-content\/uploads\/2010\/08\/DSC02900.jpg\"><img aria-describedby=\"caption-attachment-479\" loading=\"lazy\" class=\"wp-image-479 size-large\" src=\"http:\/\/www.sergejamois.com\/wp-content\/uploads\/2010\/08\/DSC02900-1024x986.jpg\" alt=\"DSC02900\" width=\"640\" height=\"616\" srcset=\"http:\/\/www.sergejamois.com\/wp-content\/uploads\/2010\/08\/DSC02900-1024x986.jpg 1024w, http:\/\/www.sergejamois.com\/wp-content\/uploads\/2010\/08\/DSC02900-300x289.jpg 300w, http:\/\/www.sergejamois.com\/wp-content\/uploads\/2010\/08\/DSC02900.jpg 1500w\" sizes=\"(max-width: 640px) 100vw, 640px\" \/><\/a><p id=\"caption-attachment-479\" class=\"wp-caption-text\">Sans titre &#8211; Huile sur carton<\/p><\/div>\n<div id=\"attachment_173\" style=\"width: 650px\" class=\"wp-caption aligncenter\"><a href=\"http:\/\/www.sergejamois.com\/wp-content\/uploads\/2010\/08\/quantumMechanic1.jpg\"><img aria-describedby=\"caption-attachment-173\" loading=\"lazy\" class=\"size-large wp-image-173\" title=\"quantumMechanic\" src=\"http:\/\/www.sergejamois.com\/wp-content\/uploads\/2010\/08\/quantumMechanic1-1024x698.jpg\" alt=\"\" width=\"640\" height=\"436\" srcset=\"http:\/\/www.sergejamois.com\/wp-content\/uploads\/2010\/08\/quantumMechanic1-1024x698.jpg 1024w, http:\/\/www.sergejamois.com\/wp-content\/uploads\/2010\/08\/quantumMechanic1-300x204.jpg 300w, http:\/\/www.sergejamois.com\/wp-content\/uploads\/2010\/08\/quantumMechanic1.jpg 1453w\" sizes=\"(max-width: 640px) 100vw, 640px\" \/><\/a><p id=\"caption-attachment-173\" class=\"wp-caption-text\">Quantum Mechanic &#8211; 65&#215;50 Huile sur carton &#8211; <strong>VENDU\/SOLD<\/strong><\/p><\/div>\n<div id=\"attachment_247\" style=\"width: 525px\" class=\"wp-caption aligncenter\"><a href=\"http:\/\/www.sergejamois.com\/wp-content\/uploads\/2010\/08\/DSC00089_light.jpg\"><img aria-describedby=\"caption-attachment-247\" loading=\"lazy\" class=\"size-full wp-image-247 \" title=\"Messerschmitt 323\" src=\"http:\/\/www.sergejamois.com\/wp-content\/uploads\/2010\/08\/DSC00089_light.jpg\" alt=\"Messerschmitt 323\" width=\"515\" height=\"640\" srcset=\"http:\/\/www.sergejamois.com\/wp-content\/uploads\/2010\/08\/DSC00089_light.jpg 515w, http:\/\/www.sergejamois.com\/wp-content\/uploads\/2010\/08\/DSC00089_light-241x300.jpg 241w\" sizes=\"(max-width: 515px) 100vw, 515px\" \/><\/a><p id=\"caption-attachment-247\" class=\"wp-caption-text\">Les dinosaures de la Luftwaffe\u00a0Messerschmitt 323 &#8211; 40&#215;50 &#8211; 600\u20ac<\/p><\/div>\n<div id=\"attachment_174\" style=\"width: 650px\" class=\"wp-caption aligncenter\"><a href=\"http:\/\/www.sergejamois.com\/wp-content\/uploads\/2010\/08\/tigrevolant1.jpg\"><img aria-describedby=\"caption-attachment-174\" loading=\"lazy\" class=\"size-large wp-image-174\" title=\"tigrevolant\" src=\"http:\/\/www.sergejamois.com\/wp-content\/uploads\/2010\/08\/tigrevolant1-1024x690.jpg\" alt=\"\" width=\"640\" height=\"431\" srcset=\"http:\/\/www.sergejamois.com\/wp-content\/uploads\/2010\/08\/tigrevolant1-1024x690.jpg 1024w, http:\/\/www.sergejamois.com\/wp-content\/uploads\/2010\/08\/tigrevolant1-300x202.jpg 300w, http:\/\/www.sergejamois.com\/wp-content\/uploads\/2010\/08\/tigrevolant1.jpg 1463w\" sizes=\"(max-width: 640px) 100vw, 640px\" \/><\/a><p id=\"caption-attachment-174\" class=\"wp-caption-text\">Tigres volants \u2013 Box art \u201cHeller\u201d 40\u00d730 Acrylique &#8211; 900\u20ac<\/p><\/div>\n<div id=\"attachment_176\" style=\"width: 650px\" class=\"wp-caption aligncenter\"><a href=\"http:\/\/www.sergejamois.com\/wp-content\/uploads\/2010\/08\/t6portugais5.jpg\"><img aria-describedby=\"caption-attachment-176\" loading=\"lazy\" class=\"size-large wp-image-176 \" title=\"T6 portugais\" src=\"http:\/\/www.sergejamois.com\/wp-content\/uploads\/2010\/08\/t6portugais5-1024x689.jpg\" alt=\"T6 portugais\" width=\"640\" height=\"430\" srcset=\"http:\/\/www.sergejamois.com\/wp-content\/uploads\/2010\/08\/t6portugais5-1024x689.jpg 1024w, http:\/\/www.sergejamois.com\/wp-content\/uploads\/2010\/08\/t6portugais5-300x201.jpg 300w, http:\/\/www.sergejamois.com\/wp-content\/uploads\/2010\/08\/t6portugais5.jpg 1469w\" sizes=\"(max-width: 640px) 100vw, 640px\" \/><\/a><p id=\"caption-attachment-176\" class=\"wp-caption-text\">T6 portugais &#8211; Box art &#8220;Occidental&#8221; 40&#215;30 Acrylique &#8211;<strong> VENDU\/SOLD<\/strong><\/p><\/div>\n<div id=\"attachment_177\" style=\"width: 650px\" class=\"wp-caption aligncenter\"><a href=\"http:\/\/www.sergejamois.com\/wp-content\/uploads\/2010\/08\/phantomUS1.jpg\"><img aria-describedby=\"caption-attachment-177\" loading=\"lazy\" class=\"size-large wp-image-177 \" title=\"Phantom USAF\" src=\"http:\/\/www.sergejamois.com\/wp-content\/uploads\/2010\/08\/phantomUS1-1024x695.jpg\" alt=\"Phantom USAF\" width=\"640\" height=\"434\" srcset=\"http:\/\/www.sergejamois.com\/wp-content\/uploads\/2010\/08\/phantomUS1-1024x695.jpg 1024w, http:\/\/www.sergejamois.com\/wp-content\/uploads\/2010\/08\/phantomUS1-300x203.jpg 300w, http:\/\/www.sergejamois.com\/wp-content\/uploads\/2010\/08\/phantomUS1.jpg 1441w\" sizes=\"(max-width: 640px) 100vw, 640px\" \/><\/a><p id=\"caption-attachment-177\" class=\"wp-caption-text\">Phantom USAF &#8211; Box art &#8220;Heller&#8221; 40&#215;25 Acrylique &#8211; 900\u20ac<\/p><\/div>\n<div id=\"attachment_178\" style=\"width: 650px\" class=\"wp-caption aligncenter\"><a href=\"http:\/\/www.sergejamois.com\/wp-content\/uploads\/2010\/08\/l161.jpg\"><img aria-describedby=\"caption-attachment-178\" loading=\"lazy\" class=\"size-large wp-image-178 \" title=\"Polikarpov I-16 URSS\" src=\"http:\/\/www.sergejamois.com\/wp-content\/uploads\/2010\/08\/l161-1024x704.jpg\" alt=\"Polikarpov I-16 URSS\" width=\"640\" height=\"440\" srcset=\"http:\/\/www.sergejamois.com\/wp-content\/uploads\/2010\/08\/l161-1024x704.jpg 1024w, http:\/\/www.sergejamois.com\/wp-content\/uploads\/2010\/08\/l161-300x206.jpg 300w, http:\/\/www.sergejamois.com\/wp-content\/uploads\/2010\/08\/l161.jpg 1443w\" sizes=\"(max-width: 640px) 100vw, 640px\" \/><\/a><p id=\"caption-attachment-178\" class=\"wp-caption-text\">Polikarpov I-16 URSS &#8211; Couverture livre &#8211; 40&#215;50 Acrylique et gouache &#8211; <strong>INDISPONIBLE \/ NOT AVAILABLE<\/strong><\/p><\/div>\n<div id=\"attachment_183\" style=\"width: 650px\" class=\"wp-caption aligncenter\"><a href=\"http:\/\/www.sergejamois.com\/wp-content\/uploads\/2010\/08\/DSC00426.jpg\"><img aria-describedby=\"caption-attachment-183\" loading=\"lazy\" class=\"size-large wp-image-183 \" title=\"Porte-avions BEARN\" src=\"http:\/\/www.sergejamois.com\/wp-content\/uploads\/2010\/08\/DSC00426-1024x591.jpg\" alt=\"Porte-avions BEARN\" width=\"640\" height=\"369\" srcset=\"http:\/\/www.sergejamois.com\/wp-content\/uploads\/2010\/08\/DSC00426-1024x591.jpg 1024w, http:\/\/www.sergejamois.com\/wp-content\/uploads\/2010\/08\/DSC00426-300x173.jpg 300w\" sizes=\"(max-width: 640px) 100vw, 640px\" \/><\/a><p id=\"caption-attachment-183\" class=\"wp-caption-text\">Porte-avions BEARN &#8211; 65X40 Acrylique &#8211; 900\u20ac<\/p><\/div>\n<div id=\"attachment_184\" style=\"width: 650px\" class=\"wp-caption aligncenter\"><a href=\"http:\/\/www.sergejamois.com\/wp-content\/uploads\/2010\/08\/DSC00427.jpg\"><img aria-describedby=\"caption-attachment-184\" loading=\"lazy\" class=\"size-large wp-image-184 \" title=\"Porte-avions FOCH\" src=\"http:\/\/www.sergejamois.com\/wp-content\/uploads\/2010\/08\/DSC00427-1024x622.jpg\" alt=\"Porte-avions FOCH\" width=\"640\" height=\"388\" srcset=\"http:\/\/www.sergejamois.com\/wp-content\/uploads\/2010\/08\/DSC00427-1024x622.jpg 1024w, http:\/\/www.sergejamois.com\/wp-content\/uploads\/2010\/08\/DSC00427-300x182.jpg 300w\" sizes=\"(max-width: 640px) 100vw, 640px\" \/><\/a><p id=\"caption-attachment-184\" class=\"wp-caption-text\">Porte-avions FOCH &#8211; Box art Heller &#8211; 65X45 Acrylique &#8211; 900\u20ac<\/p><\/div>\n<div id=\"attachment_194\" style=\"width: 650px\" class=\"wp-caption aligncenter\"><a href=\"http:\/\/www.sergejamois.com\/wp-content\/uploads\/2010\/08\/DSC00423.jpg\"><img aria-describedby=\"caption-attachment-194\" loading=\"lazy\" class=\"size-large wp-image-194 \" title=\"Char AMX 30\" src=\"http:\/\/www.sergejamois.com\/wp-content\/uploads\/2010\/08\/DSC00423-1024x661.jpg\" alt=\"Char AMX 30\" width=\"640\" height=\"413\" srcset=\"http:\/\/www.sergejamois.com\/wp-content\/uploads\/2010\/08\/DSC00423-1024x661.jpg 1024w, http:\/\/www.sergejamois.com\/wp-content\/uploads\/2010\/08\/DSC00423-300x193.jpg 300w\" sizes=\"(max-width: 640px) 100vw, 640px\" \/><\/a><p id=\"caption-attachment-194\" class=\"wp-caption-text\">Char AMX 30 &#8211; Box art Heller &#8211; 50X32,5 Acrylique &#8211; <strong>VENDU\/SOLD<\/strong><\/p><\/div>\n<div id=\"attachment_244\" style=\"width: 650px\" class=\"wp-caption aligncenter\"><a href=\"http:\/\/www.sergejamois.com\/wp-content\/uploads\/2010\/08\/DSC00600_light.jpg\"><img aria-describedby=\"caption-attachment-244\" loading=\"lazy\" class=\"size-full wp-image-244 \" title=\"GMC 1944\" src=\"http:\/\/www.sergejamois.com\/wp-content\/uploads\/2010\/08\/DSC00600_light.jpg\" alt=\"GMC 1944\" width=\"640\" height=\"414\" srcset=\"http:\/\/www.sergejamois.com\/wp-content\/uploads\/2010\/08\/DSC00600_light.jpg 1000w, http:\/\/www.sergejamois.com\/wp-content\/uploads\/2010\/08\/DSC00600_light-300x194.jpg 300w\" sizes=\"(max-width: 640px) 100vw, 640px\" \/><\/a><p id=\"caption-attachment-244\" class=\"wp-caption-text\">GMC &#8211; juin 44 &#8211; Box art Heller &#8211; 50&#215;32.5 Acrylique &#8211; 900\u20ac<\/p><\/div>\n","protected":false},"excerpt":{"rendered":"<p>Carri\u00e8re dans l&#8217;illustration, la publicit\u00e9 et l&#8217;\u00e9dition avant de se consacrer \u00e0 la peinture.<\/p>\n","protected":false},"author":1,"featured_media":0,"parent":11,"menu_order":7,"comment_status":"closed","ping_status":"closed","template":"","meta":[],"_links":{"self":[{"href":"http:\/\/www.sergejamois.com\/index.php?rest_route=\/wp\/v2\/pages\/19"}],"collection":[{"href":"http:\/\/www.sergejamois.com\/index.php?rest_route=\/wp\/v2\/pages"}],"about":[{"href":"http:\/\/www.sergejamois.com\/index.php?rest_route=\/wp\/v2\/types\/page"}],"author":[{"embeddable":true,"href":"http:\/\/www.sergejamois.com\/index.php?rest_route=\/wp\/v2\/users\/1"}],"replies":[{"embeddable":true,"href":"http:\/\/www.sergejamois.com\/index.php?rest_route=%2Fwp%2Fv2%2Fcomments&post=19"}],"version-history":[{"count":23,"href":"http:\/\/www.sergejamois.com\/index.php?rest_route=\/wp\/v2\/pages\/19\/revisions"}],"predecessor-version":[{"id":485,"href":"http:\/\/www.sergejamois.com\/index.php?rest_route=\/wp\/v2\/pages\/19\/revisions\/485"}],"up":[{"embeddable":true,"href":"http:\/\/www.sergejamois.com\/index.php?rest_route=\/wp\/v2\/pages\/11"}],"wp:attachment":[{"href":"http:\/\/www.sergejamois.com\/index.php?rest_route=%2Fwp%2Fv2%2Fmedia&parent=19"}],"curies":[{"name":"wp","href":"https:\/\/api.w.org\/{rel}","templated":true}]}}