{"id":25,"date":"2010-08-28T15:58:43","date_gmt":"2010-08-28T13:58:43","guid":{"rendered":"http:\/\/www.sergejamois.com\/?page_id=25"},"modified":"2024-05-06T16:29:30","modified_gmt":"2024-05-06T14:29:30","slug":"couleurs","status":"publish","type":"page","link":"https:\/\/www.sergejamois.com\/?page_id=25","title":{"rendered":"Couleurs"},"content":{"rendered":"\n<p class=\"has-text-align-left\">Pour certains, c&#8217;est \u00e9vident : la Ferrari est rouge, la Citro\u00ebn Tr\u00e8fle est jaune, l&#8217;Alpine A110 est bleue.<br>Il s&#8217;agit pour cette s\u00e9rie de toiles d&#8217;identifier la voiture \u00e0 sa couleur la plus embl\u00e9matique.<br>La couleur circule sans limite entre le sujet et le fond sans que l&#8217;on sache si c&#8217;est le v\u00e9hicule qui colore le fond ou l&#8217;environnement \u00e0 dominante color\u00e9e qui l&#8217;investit.<\/p>\n\n\n<div class=\"wp-block-image\">\n<figure class=\"aligncenter\"><a href=\"http:\/\/www.sergejamois.com\/wp-content\/uploads\/2016\/11\/DSC02285-2_light.jpg\"><img src=\"http:\/\/www.sergejamois.com\/wp-content\/uploads\/2016\/11\/DSC02285-2_light.jpg\" alt=\"Jaguar type D\" class=\"wp-image-160\"\/><\/a><figcaption>Jaguar type D &#8211; 24H du Mans 1956 winner &#8211; Pilotes : Ron Flockhart \/ Ninian Sanderson &#8211; 100&#215;65 Huile sur toile &#8211; 2000\u20ac<\/figcaption><\/figure><\/div>\n\n<div class=\"wp-block-image\">\n<figure class=\"aligncenter\"><a href=\"http:\/\/www.sergejamois.com\/wp-content\/uploads\/2016\/08\/ferrari_light.jpg\"><img src=\"http:\/\/www.sergejamois.com\/wp-content\/uploads\/2016\/08\/ferrari_light.jpg\" alt=\"Ferrari 250\" class=\"wp-image-160\"\/><\/a><figcaption>Ferrari 250 TR &#8211; 24 h du Mans 1960 winner &#8211; Pilotes : Olivier Gendebien \/ Paul Fr\u00e8re &#8211; 100&#215;65 &#8211; 2000\u20ac<\/figcaption><\/figure><\/div>\n\n<div class=\"wp-block-image\">\n<figure class=\"aligncenter\"><a href=\"http:\/\/www.sergejamois.com\/wp-content\/uploads\/2016\/04\/DS19_light.jpg\"><img src=\"http:\/\/www.sergejamois.com\/wp-content\/uploads\/2016\/04\/DS19_light.jpg\" alt=\"DS 19\" class=\"wp-image-160\"\/><\/a><figcaption>DS 19 &#8211; 81X54 &#8211; 1700\u20ac<\/figcaption><\/figure><\/div>\n\n<div class=\"wp-block-image\">\n<figure class=\"aligncenter\"><a href=\"http:\/\/www.sergejamois.com\/wp-content\/uploads\/2015\/12\/matra670_BD.jpg\"><img src=\"http:\/\/www.sergejamois.com\/wp-content\/uploads\/2015\/12\/matra670_BD.jpg\" alt=\"Matra 670 - 24h du Mans\" class=\"wp-image-160\"\/><\/a><figcaption>Matra 670 &#8211; 24 h du Mans 1972 winner &#8211; Pilotes : Henri Pescarolo \/ Graham Hill &#8211; 100X65 Huile sur toile &#8211; 2000\u20ac<\/figcaption><\/figure><\/div>\n\n<div class=\"wp-block-image\">\n<figure class=\"aligncenter\"><a href=\"http:\/\/www.sergejamois.com\/wp-content\/uploads\/2015\/05\/porsche917_light.jpg\"><img src=\"http:\/\/www.sergejamois.com\/wp-content\/uploads\/2015\/05\/porsche917_light.jpg\" alt=\"Aston-Martin DBR1- 24h du Mans\" class=\"wp-image-160\"\/><\/a><figcaption>Porsche917K &#8211; 24h du Mans 1970 winner &#8211; Pilotes : H Herrmann \/ R Attwood &#8211; 100X65 Huile sur toile<strong>&nbsp;&#8211; INDISPONIBLE \/ NOT AVAILABLE<\/strong><\/figcaption><\/figure><\/div>\n\n<div class=\"wp-block-image\">\n<figure class=\"aligncenter\"><a href=\"http:\/\/www.sergejamois.com\/wp-content\/uploads\/2015\/08\/AlpineA110_BD.jpg\"><img src=\"http:\/\/www.sergejamois.com\/wp-content\/uploads\/2015\/08\/AlpineA110_BD.jpg\" alt=\"Alpine A 110 Rallye Monte-Carlo 1971\" class=\"wp-image-161\"\/><\/a><figcaption>Alpine A 110 winner rallye Monte-Carlo 1971 &#8211; 65X50 Huile sur toile &#8211; 1500\u20ac<\/figcaption><\/figure><\/div>\n\n<div class=\"wp-block-image\">\n<figure class=\"aligncenter\"><a href=\"http:\/\/www.sergejamois.com\/wp-content\/uploads\/2014\/10\/Aston-Martin-DBR1.jpg\"><img src=\"http:\/\/www.sergejamois.com\/wp-content\/uploads\/2014\/10\/Aston-Martin-DBR1.jpg\" alt=\"Aston-Martin DBR1- 24h du Mans\" class=\"wp-image-160\"\/><\/a><figcaption>Aston-Martin DBR1 &#8211; 24h du Mans 1959 winner &#8211; Pilotes: Carroll Shelby \/ Roy Salvadori &#8211; 80&#215;54 &#8211; 1700\u20ac<\/figcaption><\/figure><\/div>\n\n<div class=\"wp-block-image\">\n<figure class=\"aligncenter\"><a href=\"http:\/\/www.sergejamois.com\/wp-content\/uploads\/2014\/10\/Ferrari-250LM.jpg\"><img src=\"http:\/\/www.sergejamois.com\/wp-content\/uploads\/2014\/10\/Ferrari-250LM.jpg\" alt=\"Ferrari 250LM - 24h du Mans 1965\" class=\"wp-image-160\"\/><\/a><figcaption>Ferrari 250LM &#8211; 24h du Mans 1965 winner &#8211; Pilotes: Jochen Rindt \/ M Gregory &#8211; 100&#215;65 &#8211; 2000\u20ac<\/figcaption><\/figure><\/div>\n\n<div class=\"wp-block-image\">\n<figure class=\"aligncenter\"><a href=\"http:\/\/www.sergejamois.com\/wp-content\/uploads\/2010\/08\/Ford_GT408_gulf_BD.jpg\"><img loading=\"lazy\" width=\"1000\" height=\"644\" src=\"http:\/\/www.sergejamois.com\/wp-content\/uploads\/2010\/08\/Ford_GT408_gulf_BD.jpg\" alt=\"Ford GT40 Gulf\" class=\"wp-image-337\" srcset=\"https:\/\/www.sergejamois.com\/wp-content\/uploads\/2010\/08\/Ford_GT408_gulf_BD.jpg 1000w, https:\/\/www.sergejamois.com\/wp-content\/uploads\/2010\/08\/Ford_GT408_gulf_BD-300x193.jpg 300w\" sizes=\"(max-width: 1000px) 100vw, 1000px\" \/><\/a><figcaption>Ford GT40 Gulf &#8211; 24h du Mans 1969 winner &#8211; Pilotes : Jacky Icks \/ J. Oliver &#8211;&nbsp;100&#215;65 Huile sur toile &#8211; 2000\u20ac<\/figcaption><\/figure><\/div>\n\n<div class=\"wp-block-image\">\n<figure class=\"aligncenter\"><a href=\"http:\/\/www.sergejamois.com\/wp-content\/uploads\/2010\/08\/Gulf_Mirage_GR8_BD.jpg\"><img loading=\"lazy\" width=\"1000\" height=\"689\" src=\"http:\/\/www.sergejamois.com\/wp-content\/uploads\/2010\/08\/Gulf_Mirage_GR8_BD.jpg\" alt=\"Gulf Mirage GR8\" class=\"wp-image-339\" srcset=\"https:\/\/www.sergejamois.com\/wp-content\/uploads\/2010\/08\/Gulf_Mirage_GR8_BD.jpg 1000w, https:\/\/www.sergejamois.com\/wp-content\/uploads\/2010\/08\/Gulf_Mirage_GR8_BD-300x206.jpg 300w\" sizes=\"(max-width: 1000px) 100vw, 1000px\" \/><\/a><figcaption>Gulf Mirage GR8 &#8211; 24h du Mans 1975 winner &#8211; Pilotes : Jacky Icks \/ Derek Bells &#8211; 41&#215;33 &#8211; 700\u20ac<\/figcaption><\/figure><\/div>\n\n<div class=\"wp-block-image\">\n<figure class=\"aligncenter\"><a href=\"http:\/\/www.sergejamois.com\/wp-content\/uploads\/2010\/08\/ferrari1.jpg\"><img loading=\"lazy\" width=\"1024\" height=\"691\" src=\"http:\/\/www.sergejamois.com\/wp-content\/uploads\/2010\/08\/ferrari1-1024x691.jpg\" alt=\"Ferrari 250 Testa Rossa\" class=\"wp-image-164\" srcset=\"https:\/\/www.sergejamois.com\/wp-content\/uploads\/2010\/08\/ferrari1-1024x691.jpg 1024w, https:\/\/www.sergejamois.com\/wp-content\/uploads\/2010\/08\/ferrari1-300x202.jpg 300w, https:\/\/www.sergejamois.com\/wp-content\/uploads\/2010\/08\/ferrari1.jpg 1177w\" sizes=\"(max-width: 1024px) 100vw, 1024px\" \/><\/a><figcaption>Ferrari 250 Testa Rossa \u2013 81\u00d754 Acrylique &#8211; 1700\u20ac<\/figcaption><\/figure><\/div>\n\n<div class=\"wp-block-image\">\n<figure class=\"alignleft\"><a href=\"http:\/\/www.sergejamois.com\/wp-content\/uploads\/2010\/08\/DSC00335.jpg\"><img loading=\"lazy\" width=\"1024\" height=\"651\" src=\"http:\/\/www.sergejamois.com\/wp-content\/uploads\/2010\/08\/DSC00335-1024x651.jpg\" alt=\"Peugeot Darl\u2019mat\" class=\"wp-image-139\" srcset=\"https:\/\/www.sergejamois.com\/wp-content\/uploads\/2010\/08\/DSC00335-1024x651.jpg 1024w, https:\/\/www.sergejamois.com\/wp-content\/uploads\/2010\/08\/DSC00335-300x190.jpg 300w\" sizes=\"(max-width: 1024px) 100vw, 1024px\" \/><\/a><figcaption>Peugeot Darl\u2019mat \u2013 80\u00d760 Huile &#8211; 1500\u20ac<\/figcaption><\/figure><\/div>\n\n<div class=\"wp-block-image\">\n<figure class=\"aligncenter\"><a href=\"http:\/\/www.sergejamois.com\/wp-content\/uploads\/2017\/06\/DSC02396_light.jpg\"><img src=\"http:\/\/www.sergejamois.com\/wp-content\/uploads\/2017\/06\/DSC02396_light.jpg\" alt=\"Lightning  Saint-Ex\" class=\"wp-image-160\"\/><\/a><figcaption>Lightning Saint-Ex &#8211; 81&#215;54 &#8211; Huile sur toile &#8211; Prix du Ministre des Arm\u00e9es, salon des PAE 2017 &#8211; <strong>VENDU\/SOLD<\/strong><\/figcaption><\/figure><\/div>\n\n<div class=\"wp-block-image\">\n<figure class=\"aligncenter\"><a href=\"http:\/\/www.sergejamois.com\/wp-content\/uploads\/2015\/08\/Fouga_BD.jpg\"><img src=\"http:\/\/www.sergejamois.com\/wp-content\/uploads\/2015\/08\/Fouga_BD.jpg\" alt=\"Fouga\" class=\"wp-image-162\"\/><\/a><figcaption>Fouga &#8211; 116X81 Huile sur toile &#8211; <strong>VENDU\/SOLD<\/strong><\/figcaption><\/figure><\/div>\n\n<div class=\"wp-block-image\">\n<figure class=\"aligncenter\"><a href=\"http:\/\/www.sergejamois.com\/wp-content\/uploads\/2015\/08\/Tournoi_BD.jpg\"><img src=\"http:\/\/www.sergejamois.com\/wp-content\/uploads\/2015\/08\/Tournoi_BD.jpg\" alt=\"Tournoi\" class=\"wp-image-163\"\/><\/a><figcaption>Tournoi &#8211; 116X81 Huile sur toile &#8211; 2500\u20ac<\/figcaption><\/figure><\/div>\n\n\n<figure class=\"wp-block-image alignnone\"><a href=\"http:\/\/www.sergejamois.com\/wp-content\/uploads\/2013\/12\/DSC01484.jpg\"><img src=\"http:\/\/www.sergejamois.com\/wp-content\/uploads\/2013\/12\/DSC01484.jpg\" alt=\"SOUND BARRIER! 2\" class=\"wp-image-290\"\/><\/a><figcaption>SOUND BARRIER! 2 &#8211; 116X81 &#8211; Huile sur toile &#8211; 2500\u20ac<\/figcaption><\/figure>\n\n\n\n<figure class=\"wp-block-image alignnone\"><a href=\"http:\/\/www.sergejamois.com\/wp-content\/uploads\/2010\/08\/sound_barrier.jpg\"><img loading=\"lazy\" width=\"1000\" height=\"688\" src=\"http:\/\/www.sergejamois.com\/wp-content\/uploads\/2010\/08\/sound_barrier.jpg\" alt=\"SOUND BARRIER!\" class=\"wp-image-290\" srcset=\"https:\/\/www.sergejamois.com\/wp-content\/uploads\/2010\/08\/sound_barrier.jpg 1000w, https:\/\/www.sergejamois.com\/wp-content\/uploads\/2010\/08\/sound_barrier-300x206.jpg 300w\" sizes=\"(max-width: 1000px) 100vw, 1000px\" \/><\/a><figcaption>SOUND BARRIER! &#8211; 116X81 &#8211; Huile sur toile &#8211; 2500\u20ac<\/figcaption><\/figure>\n\n\n\n<figure class=\"wp-block-image alignnone\"><a href=\"http:\/\/www.sergejamois.com\/wp-content\/uploads\/2010\/08\/broussard.jpg\"><img loading=\"lazy\" width=\"1000\" height=\"677\" src=\"http:\/\/www.sergejamois.com\/wp-content\/uploads\/2010\/08\/broussard.jpg\" alt=\"Broussard\" class=\"wp-image-294\" srcset=\"https:\/\/www.sergejamois.com\/wp-content\/uploads\/2010\/08\/broussard.jpg 1000w, https:\/\/www.sergejamois.com\/wp-content\/uploads\/2010\/08\/broussard-300x203.jpg 300w\" sizes=\"(max-width: 1000px) 100vw, 1000px\" \/><\/a><figcaption>Broussard &#8211; 116 X 81 &#8211; Huile sur toile &#8211;<strong> INDISPONIBLE\/NOT AVAILABLE<\/strong><\/figcaption><\/figure>\n\n\n\n<figure class=\"wp-block-image alignnone\"><a href=\"http:\/\/www.sergejamois.com\/wp-content\/uploads\/2010\/08\/jaguar-sable.jpg\"><img loading=\"lazy\" width=\"1024\" height=\"694\" src=\"http:\/\/www.sergejamois.com\/wp-content\/uploads\/2010\/08\/jaguar-sable-1024x694.jpg\" alt=\"Jaguar Sable\" class=\"wp-image-213\" srcset=\"https:\/\/www.sergejamois.com\/wp-content\/uploads\/2010\/08\/jaguar-sable-1024x694.jpg 1024w, https:\/\/www.sergejamois.com\/wp-content\/uploads\/2010\/08\/jaguar-sable-300x203.jpg 300w\" sizes=\"(max-width: 1024px) 100vw, 1024px\" \/><\/a><figcaption>Jaguar Sable &#8211; 116&#215;81 &#8211; Huile sur toile &#8211; Prix du Ministre de la D\u00e9fense au salon du Bourget 2011&nbsp;&#8211;&nbsp;<strong>VENDU\/SOLD<\/strong><\/figcaption><\/figure>\n\n\n\n<figure class=\"wp-block-image size-full\"><a href=\"http:\/\/www.sergejamois.com\/wp-content\/uploads\/2015\/12\/removebeforeflight_sergejamois_web.jpg\"><img loading=\"lazy\" width=\"1000\" height=\"692\" src=\"http:\/\/www.sergejamois.com\/wp-content\/uploads\/2015\/12\/removebeforeflight_sergejamois_web.jpg\" alt=\"\" class=\"wp-image-494\" srcset=\"https:\/\/www.sergejamois.com\/wp-content\/uploads\/2015\/12\/removebeforeflight_sergejamois_web.jpg 1000w, https:\/\/www.sergejamois.com\/wp-content\/uploads\/2015\/12\/removebeforeflight_sergejamois_web-300x208.jpg 300w, https:\/\/www.sergejamois.com\/wp-content\/uploads\/2015\/12\/removebeforeflight_sergejamois_web-768x531.jpg 768w\" sizes=\"(max-width: 1000px) 100vw, 1000px\" \/><\/a><figcaption>REMOVE BEFORE FLIGHT- 65X50- Huile sur toile- 1700 euros<\/figcaption><\/figure>\n\n\n<div class=\"wp-block-image\">\n<figure class=\"alignleft\"><a href=\"http:\/\/www.sergejamois.com\/wp-content\/uploads\/2010\/08\/dsc0166916.jpg\"><img loading=\"lazy\" width=\"1024\" height=\"712\" src=\"http:\/\/www.sergejamois.com\/wp-content\/uploads\/2010\/08\/dsc0166916-1024x712.jpg\" alt=\"\" class=\"wp-image-134\" srcset=\"https:\/\/www.sergejamois.com\/wp-content\/uploads\/2010\/08\/dsc0166916-1024x712.jpg 1024w, https:\/\/www.sergejamois.com\/wp-content\/uploads\/2010\/08\/dsc0166916-300x208.jpg 300w\" sizes=\"(max-width: 1024px) 100vw, 1024px\" \/><\/a><figcaption>Yellow Training \u2013 116\u00d781 Huile &#8211; <strong>VENDU\/SOLD<\/strong><\/figcaption><\/figure><\/div>\n\n<div class=\"wp-block-image\">\n<figure class=\"alignleft\"><a href=\"http:\/\/www.sergejamois.com\/wp-content\/uploads\/2010\/08\/dsc0207112.jpg\"><img loading=\"lazy\" width=\"1024\" height=\"737\" src=\"http:\/\/www.sergejamois.com\/wp-content\/uploads\/2010\/08\/dsc0207112-1024x737.jpg\" alt=\"\" class=\"wp-image-135\" srcset=\"https:\/\/www.sergejamois.com\/wp-content\/uploads\/2010\/08\/dsc0207112-1024x737.jpg 1024w, https:\/\/www.sergejamois.com\/wp-content\/uploads\/2010\/08\/dsc0207112-300x215.jpg 300w\" sizes=\"(max-width: 1024px) 100vw, 1024px\" \/><\/a><figcaption>Delta Metal \u2013 116\u00d781 Huile &#8211; <strong>VENDU\/SOLD<\/strong><\/figcaption><\/figure><\/div>\n\n<div class=\"wp-block-image\">\n<figure class=\"alignleft\"><a href=\"http:\/\/www.sergejamois.com\/wp-content\/uploads\/2010\/08\/DSC00205.jpg\"><img loading=\"lazy\" width=\"1024\" height=\"727\" src=\"http:\/\/www.sergejamois.com\/wp-content\/uploads\/2010\/08\/DSC00205-1024x727.jpg\" alt=\"\" class=\"wp-image-136\" srcset=\"https:\/\/www.sergejamois.com\/wp-content\/uploads\/2010\/08\/DSC00205-1024x727.jpg 1024w, https:\/\/www.sergejamois.com\/wp-content\/uploads\/2010\/08\/DSC00205-300x213.jpg 300w\" sizes=\"(max-width: 1024px) 100vw, 1024px\" \/><\/a><figcaption>Bleu corsair \/ Hy\u00e8res \u2013 65\u00d750 Huile &#8211; 1700\u20ac<\/figcaption><\/figure><\/div>\n\n<div class=\"wp-block-image\">\n<figure class=\"alignleft\"><a href=\"http:\/\/www.sergejamois.com\/wp-content\/uploads\/2010\/08\/DSC00212.jpg\"><img loading=\"lazy\" width=\"1024\" height=\"735\" src=\"http:\/\/www.sergejamois.com\/wp-content\/uploads\/2010\/08\/DSC00212-1024x735.jpg\" alt=\"\" class=\"wp-image-137\" srcset=\"https:\/\/www.sergejamois.com\/wp-content\/uploads\/2010\/08\/DSC00212-1024x735.jpg 1024w, https:\/\/www.sergejamois.com\/wp-content\/uploads\/2010\/08\/DSC00212-300x215.jpg 300w\" sizes=\"(max-width: 1024px) 100vw, 1024px\" \/><\/a><figcaption>Rouge planeur \/ Salon de Provence \u2013 65\u00d750 Acrylique &#8211; 1500\u20ac<\/figcaption><\/figure><\/div>\n\n\n<p><span style=\"border-radius: 2px; text-indent: 20px; width: auto; padding: 0px 4px 0px 0px; text-align: center; font: bold 11px\/20px 'Helvetica Neue',Helvetica,sans-serif; color: #ffffff; background: #bd081c  no-repeat scroll 3px 50% \/ 14px 14px; position: absolute; opacity: 1; z-index: 8675309; display: none; cursor: pointer;\">Enregistrer<\/span><\/p>\n\n\n\n<p><span style=\"border-radius: 2px; text-indent: 20px; width: auto; padding: 0px 4px 0px 0px; text-align: center; font: bold 11px\/20px 'Helvetica Neue',Helvetica,sans-serif; color: #ffffff; background: #bd081c  no-repeat scroll 3px 50% \/ 14px 14px; position: absolute; opacity: 1; z-index: 8675309; display: none; cursor: pointer;\">Enregistrer<\/span><\/p>\n\n\n\n<p><span style=\"border-radius: 2px; text-indent: 20px; width: auto; padding: 0px 4px 0px 0px; text-align: center; font: bold 11px\/20px 'Helvetica Neue',Helvetica,sans-serif; color: #ffffff; background: #bd081c  no-repeat scroll 3px 50% \/ 14px 14px; position: absolute; opacity: 1; z-index: 8675309; display: none; cursor: pointer; top: 6028px; left: 29px;\">Enregistrer<\/span><\/p>\n\n\n\n<p><\/p>\n","protected":false},"excerpt":{"rendered":"<p>Pour certains, c&#8217;est \u00e9vident : la Ferrari est rouge, la Citro\u00ebn Tr\u00e8fle est jaune, l&#8217;Alpine A110 est bleue.Il s&#8217;agit pour cette s\u00e9rie de toiles d&#8217;identifier la voiture \u00e0 sa couleur la plus embl\u00e9matique.La couleur circule sans limite entre le sujet &hellip; <a href=\"https:\/\/www.sergejamois.com\/?page_id=25\">Continue reading <span class=\"meta-nav\">&rarr;<\/span><\/a><\/p>\n","protected":false},"author":1,"featured_media":0,"parent":11,"menu_order":3,"comment_status":"closed","ping_status":"closed","template":"","meta":[],"_links":{"self":[{"href":"https:\/\/www.sergejamois.com\/index.php?rest_route=\/wp\/v2\/pages\/25"}],"collection":[{"href":"https:\/\/www.sergejamois.com\/index.php?rest_route=\/wp\/v2\/pages"}],"about":[{"href":"https:\/\/www.sergejamois.com\/index.php?rest_route=\/wp\/v2\/types\/page"}],"author":[{"embeddable":true,"href":"https:\/\/www.sergejamois.com\/index.php?rest_route=\/wp\/v2\/users\/1"}],"replies":[{"embeddable":true,"href":"https:\/\/www.sergejamois.com\/index.php?rest_route=%2Fwp%2Fv2%2Fcomments&post=25"}],"version-history":[{"count":65,"href":"https:\/\/www.sergejamois.com\/index.php?rest_route=\/wp\/v2\/pages\/25\/revisions"}],"predecessor-version":[{"id":506,"href":"https:\/\/www.sergejamois.com\/index.php?rest_route=\/wp\/v2\/pages\/25\/revisions\/506"}],"up":[{"embeddable":true,"href":"https:\/\/www.sergejamois.com\/index.php?rest_route=\/wp\/v2\/pages\/11"}],"wp:attachment":[{"href":"https:\/\/www.sergejamois.com\/index.php?rest_route=%2Fwp%2Fv2%2Fmedia&parent=25"}],"curies":[{"name":"wp","href":"https:\/\/api.w.org\/{rel}","templated":true}]}}