{"id":6,"date":"2010-08-28T15:54:25","date_gmt":"2010-08-28T13:54:25","guid":{"rendered":"http:\/\/www.sergejamois.com\/?page_id=6"},"modified":"2018-02-11T19:18:20","modified_gmt":"2018-02-11T17:18:20","slug":"biographie","status":"publish","type":"page","link":"https:\/\/www.sergejamois.com\/?page_id=6","title":{"rendered":"Biographie"},"content":{"rendered":"<div id=\"attachment_421\" style=\"width: 1010px\" class=\"wp-caption alignnone\"><a href=\"http:\/\/www.sergejamois.com\/wp-content\/uploads\/2010\/08\/DSC02290_light.jpg\"><img aria-describedby=\"caption-attachment-421\" loading=\"lazy\" class=\"wp-image-421 size-full\" src=\"http:\/\/www.sergejamois.com\/wp-content\/uploads\/2010\/08\/DSC02290_light.jpg\" alt=\"Autoportrait Serge Jamois\" width=\"1000\" height=\"774\" srcset=\"https:\/\/www.sergejamois.com\/wp-content\/uploads\/2010\/08\/DSC02290_light.jpg 1000w, https:\/\/www.sergejamois.com\/wp-content\/uploads\/2010\/08\/DSC02290_light-300x232.jpg 300w\" sizes=\"(max-width: 1000px) 100vw, 1000px\" \/><\/a><p id=\"caption-attachment-421\" class=\"wp-caption-text\">L&#8217;autoportrait qui transperce la toile<\/p><\/div>\n<p>&nbsp;<\/p>\n<p><a href=\"http:\/\/www.sergejamois.com\/wp-content\/uploads\/2016\/12\/DSC00300_cut_light_carre.jpg\"><img loading=\"lazy\" class=\"alignright size-thumbnail wp-image-314\" title=\"portrait_carre_light\" src=\"http:\/\/www.sergejamois.com\/wp-content\/uploads\/2016\/12\/DSC00300_cut_light_carre.jpg\" alt=\"\" width=\"243\" height=\"243\" \/><\/a><\/p>\n<p>A travaill\u00e9 longtemps en free-lance comme illustrateur pour la publicit\u00e9 et pour la presse\u00a0 (affiches et premi\u00e8res de couvertures pour de nombreux magazines).<br \/>\nS\u2019est sp\u00e9cialis\u00e9 dans son domaine de pr\u00e9dilection : l\u2019a\u00e9ronautique.<br \/>\nCollaboration longue et approfondie avec Heller (box art).<br \/>\nIllustrations de couvertures pour magazines et nombreux livres traitant d\u2019aviation.<br \/>\nFocalise maintenant ses \u0153uvres personnelles sur les avions et les automobiles, anciens de pr\u00e9f\u00e9rence, dans leur environnement.<br \/>\nA \u00e9t\u00e9 nomm\u00e9 Peintre Officiel de l&#8217;air et de l&#8217;Espace en 2000.<\/p>\n<p>&nbsp;<\/p>\n<p>&nbsp;<\/p>\n","protected":false},"excerpt":{"rendered":"<p>&nbsp; A travaill\u00e9 longtemps en free-lance comme illustrateur pour la publicit\u00e9 et pour la presse\u00a0 (affiches et premi\u00e8res de couvertures pour de nombreux magazines). S\u2019est sp\u00e9cialis\u00e9 dans son domaine de pr\u00e9dilection : l\u2019a\u00e9ronautique. Collaboration longue et approfondie avec Heller (box &hellip; <a href=\"https:\/\/www.sergejamois.com\/?page_id=6\">Continue reading <span class=\"meta-nav\">&rarr;<\/span><\/a><\/p>\n","protected":false},"author":1,"featured_media":0,"parent":0,"menu_order":1,"comment_status":"closed","ping_status":"closed","template":"","meta":[],"_links":{"self":[{"href":"https:\/\/www.sergejamois.com\/index.php?rest_route=\/wp\/v2\/pages\/6"}],"collection":[{"href":"https:\/\/www.sergejamois.com\/index.php?rest_route=\/wp\/v2\/pages"}],"about":[{"href":"https:\/\/www.sergejamois.com\/index.php?rest_route=\/wp\/v2\/types\/page"}],"author":[{"embeddable":true,"href":"https:\/\/www.sergejamois.com\/index.php?rest_route=\/wp\/v2\/users\/1"}],"replies":[{"embeddable":true,"href":"https:\/\/www.sergejamois.com\/index.php?rest_route=%2Fwp%2Fv2%2Fcomments&post=6"}],"version-history":[{"count":15,"href":"https:\/\/www.sergejamois.com\/index.php?rest_route=\/wp\/v2\/pages\/6\/revisions"}],"predecessor-version":[{"id":464,"href":"https:\/\/www.sergejamois.com\/index.php?rest_route=\/wp\/v2\/pages\/6\/revisions\/464"}],"wp:attachment":[{"href":"https:\/\/www.sergejamois.com\/index.php?rest_route=%2Fwp%2Fv2%2Fmedia&parent=6"}],"curies":[{"name":"wp","href":"https:\/\/api.w.org\/{rel}","templated":true}]}}